{"id":10977,"date":"2022-01-02T07:37:39","date_gmt":"2022-01-02T07:37:39","guid":{"rendered":"https:\/\/cheliastore.com\/?post_type=product&#038;p=10977"},"modified":"2026-01-11T03:13:16","modified_gmt":"2026-01-11T03:13:16","slug":"soupape-de-securite-3-bar-saunier-duval-0020047005","status":"publish","type":"product","link":"https:\/\/cheliastore.dz\/ar\/product\/soupape-de-securite-3-bar-saunier-duval-0020047005\/","title":{"rendered":"Soupape de s\u00e9curit\u00e9 3 bar Saunier Duval 0020047005"},"content":{"rendered":"","protected":false},"excerpt":{"rendered":"<p>Soupape de s\u00e9curit\u00e9 3 bar Saunier Duval 0020047005<\/p>\n","protected":false},"featured_media":10978,"comment_status":"open","ping_status":"open","template":"","meta":{"_editorskit_title_hidden":false,"_editorskit_reading_time":0,"_editorskit_is_block_options_detached":false,"_editorskit_block_options_position":"{}"},"product_brand":[],"product_cat":[91,160],"product_tag":[],"class_list":{"0":"post-10977","1":"product","2":"type-product","3":"status-publish","4":"has-post-thumbnail","6":"product_cat-piece-de-rechange-et-maintenance","7":"product_cat-pdr-chaudiere","8":"pa_brand-saunier-duval-algerie","10":"first","11":"outofstock","12":"shipping-taxable","13":"purchasable","14":"product-type-simple"},"yoast_head":"<!-- This site is optimized with the Yoast SEO Premium plugin v25.4 (Yoast SEO v27.5) - https:\/\/yoast.com\/product\/yoast-seo-premium-wordpress\/ -->\n<title>Soupape de s\u00e9curit\u00e9 3 bar Saunier Duval 0020047005 - CHELIA STORE<\/title>\n<meta name=\"robots\" content=\"index, follow, max-snippet:-1, max-image-preview:large, max-video-preview:-1\" \/>\n<link rel=\"canonical\" href=\"https:\/\/cheliastore.dz\/product\/soupape-de-securite-3-bar-saunier-duval-0020047005\/\" \/>\n<meta property=\"og:locale\" content=\"ar_AR\" \/>\n<meta property=\"og:type\" content=\"article\" \/>\n<meta property=\"og:title\" content=\"Soupape de s\u00e9curit\u00e9 3 bar Saunier Duval 0020047005\" \/>\n<meta property=\"og:description\" content=\"Soupape de s\u00e9curit\u00e9 3 bar Saunier Duval 0020047005\" \/>\n<meta property=\"og:url\" content=\"https:\/\/cheliastore.dz\/product\/soupape-de-securite-3-bar-saunier-duval-0020047005\/\" \/>\n<meta property=\"og:site_name\" content=\"CHELIA STORE\" \/>\n<meta property=\"article:publisher\" content=\"https:\/\/web.facebook.com\/cheliastore\" \/>\n<meta property=\"article:modified_time\" content=\"2026-01-11T03:13:16+00:00\" \/>\n<meta property=\"og:image\" content=\"https:\/\/cheliastore.dz\/wp-content\/uploads\/2022\/01\/0020047005.jpg\" \/>\n\t<meta property=\"og:image:width\" content=\"425\" \/>\n\t<meta property=\"og:image:height\" content=\"383\" \/>\n\t<meta property=\"og:image:type\" content=\"image\/jpeg\" \/>\n<meta name=\"twitter:card\" content=\"summary_large_image\" \/>\n<script type=\"application\/ld+json\" class=\"yoast-schema-graph\">{\"@context\":\"https:\\\/\\\/schema.org\",\"@graph\":[{\"@type\":\"WebPage\",\"@id\":\"https:\\\/\\\/cheliastore.dz\\\/product\\\/soupape-de-securite-3-bar-saunier-duval-0020047005\\\/\",\"url\":\"https:\\\/\\\/cheliastore.dz\\\/product\\\/soupape-de-securite-3-bar-saunier-duval-0020047005\\\/\",\"name\":\"Soupape de s\u00e9curit\u00e9 3 bar Saunier Duval 0020047005 - CHELIA STORE\",\"isPartOf\":{\"@id\":\"https:\\\/\\\/cheliastore.dz\\\/#website\"},\"primaryImageOfPage\":{\"@id\":\"https:\\\/\\\/cheliastore.dz\\\/product\\\/soupape-de-securite-3-bar-saunier-duval-0020047005\\\/#primaryimage\"},\"image\":{\"@id\":\"https:\\\/\\\/cheliastore.dz\\\/product\\\/soupape-de-securite-3-bar-saunier-duval-0020047005\\\/#primaryimage\"},\"thumbnailUrl\":\"https:\\\/\\\/cheliastore.dz\\\/wp-content\\\/uploads\\\/2022\\\/01\\\/0020047005.jpg\",\"datePublished\":\"2022-01-02T07:37:39+00:00\",\"dateModified\":\"2026-01-11T03:13:16+00:00\",\"breadcrumb\":{\"@id\":\"https:\\\/\\\/cheliastore.dz\\\/product\\\/soupape-de-securite-3-bar-saunier-duval-0020047005\\\/#breadcrumb\"},\"inLanguage\":\"ar\",\"potentialAction\":[{\"@type\":\"ReadAction\",\"target\":[\"https:\\\/\\\/cheliastore.dz\\\/product\\\/soupape-de-securite-3-bar-saunier-duval-0020047005\\\/\"]}]},{\"@type\":\"ImageObject\",\"inLanguage\":\"ar\",\"@id\":\"https:\\\/\\\/cheliastore.dz\\\/product\\\/soupape-de-securite-3-bar-saunier-duval-0020047005\\\/#primaryimage\",\"url\":\"https:\\\/\\\/cheliastore.dz\\\/wp-content\\\/uploads\\\/2022\\\/01\\\/0020047005.jpg\",\"contentUrl\":\"https:\\\/\\\/cheliastore.dz\\\/wp-content\\\/uploads\\\/2022\\\/01\\\/0020047005.jpg\",\"width\":425,\"height\":383},{\"@type\":\"BreadcrumbList\",\"@id\":\"https:\\\/\\\/cheliastore.dz\\\/product\\\/soupape-de-securite-3-bar-saunier-duval-0020047005\\\/#breadcrumb\",\"itemListElement\":[{\"@type\":\"ListItem\",\"position\":1,\"name\":\"\u0627\u0644\u0631\u0626\u064a\u0633\u064a\u0629\",\"item\":\"https:\\\/\\\/cheliastore.dz\\\/ar\\\/\"},{\"@type\":\"ListItem\",\"position\":2,\"name\":\"Boutique\",\"item\":\"https:\\\/\\\/cheliastore.dz\\\/ar\\\/shop\\\/\"},{\"@type\":\"ListItem\",\"position\":3,\"name\":\"Soupape de s\u00e9curit\u00e9 3 bar Saunier Duval 0020047005\"}]},{\"@type\":\"WebSite\",\"@id\":\"https:\\\/\\\/cheliastore.dz\\\/#website\",\"url\":\"https:\\\/\\\/cheliastore.dz\\\/\",\"name\":\"CHELIA STORE\",\"description\":\"CHELIA STORE\",\"publisher\":{\"@id\":\"https:\\\/\\\/cheliastore.dz\\\/#organization\"},\"potentialAction\":[{\"@type\":\"SearchAction\",\"target\":{\"@type\":\"EntryPoint\",\"urlTemplate\":\"https:\\\/\\\/cheliastore.dz\\\/?s={search_term_string}\"},\"query-input\":{\"@type\":\"PropertyValueSpecification\",\"valueRequired\":true,\"valueName\":\"search_term_string\"}}],\"inLanguage\":\"ar\"},{\"@type\":\"Organization\",\"@id\":\"https:\\\/\\\/cheliastore.dz\\\/#organization\",\"name\":\"Chelia Store\",\"url\":\"https:\\\/\\\/cheliastore.dz\\\/\",\"logo\":{\"@type\":\"ImageObject\",\"inLanguage\":\"ar\",\"@id\":\"https:\\\/\\\/cheliastore.dz\\\/#\\\/schema\\\/logo\\\/image\\\/\",\"url\":\"https:\\\/\\\/cheliastore.dz\\\/wp-content\\\/uploads\\\/2022\\\/01\\\/logo-final-250.png\",\"contentUrl\":\"https:\\\/\\\/cheliastore.dz\\\/wp-content\\\/uploads\\\/2022\\\/01\\\/logo-final-250.png\",\"width\":250,\"height\":78,\"caption\":\"Chelia Store\"},\"image\":{\"@id\":\"https:\\\/\\\/cheliastore.dz\\\/#\\\/schema\\\/logo\\\/image\\\/\"},\"sameAs\":[\"https:\\\/\\\/web.facebook.com\\\/cheliastore\",\"https:\\\/\\\/www.instagram.com\\\/quincaillerie.chelia\\\/\"]}]}<\/script>\n<!-- \/ Yoast SEO Premium plugin. -->","yoast_head_json":{"title":"Soupape de s\u00e9curit\u00e9 3 bar Saunier Duval 0020047005 - CHELIA STORE","robots":{"index":"index","follow":"follow","max-snippet":"max-snippet:-1","max-image-preview":"max-image-preview:large","max-video-preview":"max-video-preview:-1"},"canonical":"https:\/\/cheliastore.dz\/product\/soupape-de-securite-3-bar-saunier-duval-0020047005\/","og_locale":"ar_AR","og_type":"article","og_title":"Soupape de s\u00e9curit\u00e9 3 bar Saunier Duval 0020047005","og_description":"Soupape de s\u00e9curit\u00e9 3 bar Saunier Duval 0020047005","og_url":"https:\/\/cheliastore.dz\/product\/soupape-de-securite-3-bar-saunier-duval-0020047005\/","og_site_name":"CHELIA STORE","article_publisher":"https:\/\/web.facebook.com\/cheliastore","article_modified_time":"2026-01-11T03:13:16+00:00","og_image":[{"width":425,"height":383,"url":"https:\/\/cheliastore.dz\/wp-content\/uploads\/2022\/01\/0020047005.jpg","type":"image\/jpeg"}],"twitter_card":"summary_large_image","schema":{"@context":"https:\/\/schema.org","@graph":[{"@type":"WebPage","@id":"https:\/\/cheliastore.dz\/product\/soupape-de-securite-3-bar-saunier-duval-0020047005\/","url":"https:\/\/cheliastore.dz\/product\/soupape-de-securite-3-bar-saunier-duval-0020047005\/","name":"Soupape de s\u00e9curit\u00e9 3 bar Saunier Duval 0020047005 - CHELIA STORE","isPartOf":{"@id":"https:\/\/cheliastore.dz\/#website"},"primaryImageOfPage":{"@id":"https:\/\/cheliastore.dz\/product\/soupape-de-securite-3-bar-saunier-duval-0020047005\/#primaryimage"},"image":{"@id":"https:\/\/cheliastore.dz\/product\/soupape-de-securite-3-bar-saunier-duval-0020047005\/#primaryimage"},"thumbnailUrl":"https:\/\/cheliastore.dz\/wp-content\/uploads\/2022\/01\/0020047005.jpg","datePublished":"2022-01-02T07:37:39+00:00","dateModified":"2026-01-11T03:13:16+00:00","breadcrumb":{"@id":"https:\/\/cheliastore.dz\/product\/soupape-de-securite-3-bar-saunier-duval-0020047005\/#breadcrumb"},"inLanguage":"ar","potentialAction":[{"@type":"ReadAction","target":["https:\/\/cheliastore.dz\/product\/soupape-de-securite-3-bar-saunier-duval-0020047005\/"]}]},{"@type":"ImageObject","inLanguage":"ar","@id":"https:\/\/cheliastore.dz\/product\/soupape-de-securite-3-bar-saunier-duval-0020047005\/#primaryimage","url":"https:\/\/cheliastore.dz\/wp-content\/uploads\/2022\/01\/0020047005.jpg","contentUrl":"https:\/\/cheliastore.dz\/wp-content\/uploads\/2022\/01\/0020047005.jpg","width":425,"height":383},{"@type":"BreadcrumbList","@id":"https:\/\/cheliastore.dz\/product\/soupape-de-securite-3-bar-saunier-duval-0020047005\/#breadcrumb","itemListElement":[{"@type":"ListItem","position":1,"name":"\u0627\u0644\u0631\u0626\u064a\u0633\u064a\u0629","item":"https:\/\/cheliastore.dz\/ar\/"},{"@type":"ListItem","position":2,"name":"Boutique","item":"https:\/\/cheliastore.dz\/ar\/shop\/"},{"@type":"ListItem","position":3,"name":"Soupape de s\u00e9curit\u00e9 3 bar Saunier Duval 0020047005"}]},{"@type":"WebSite","@id":"https:\/\/cheliastore.dz\/#website","url":"https:\/\/cheliastore.dz\/","name":"CHELIA STORE","description":"CHELIA STORE","publisher":{"@id":"https:\/\/cheliastore.dz\/#organization"},"potentialAction":[{"@type":"SearchAction","target":{"@type":"EntryPoint","urlTemplate":"https:\/\/cheliastore.dz\/?s={search_term_string}"},"query-input":{"@type":"PropertyValueSpecification","valueRequired":true,"valueName":"search_term_string"}}],"inLanguage":"ar"},{"@type":"Organization","@id":"https:\/\/cheliastore.dz\/#organization","name":"Chelia Store","url":"https:\/\/cheliastore.dz\/","logo":{"@type":"ImageObject","inLanguage":"ar","@id":"https:\/\/cheliastore.dz\/#\/schema\/logo\/image\/","url":"https:\/\/cheliastore.dz\/wp-content\/uploads\/2022\/01\/logo-final-250.png","contentUrl":"https:\/\/cheliastore.dz\/wp-content\/uploads\/2022\/01\/logo-final-250.png","width":250,"height":78,"caption":"Chelia Store"},"image":{"@id":"https:\/\/cheliastore.dz\/#\/schema\/logo\/image\/"},"sameAs":["https:\/\/web.facebook.com\/cheliastore","https:\/\/www.instagram.com\/quincaillerie.chelia\/"]}]}},"_links":{"self":[{"href":"https:\/\/cheliastore.dz\/ar\/wp-json\/wp\/v2\/product\/10977","targetHints":{"allow":["GET"]}}],"collection":[{"href":"https:\/\/cheliastore.dz\/ar\/wp-json\/wp\/v2\/product"}],"about":[{"href":"https:\/\/cheliastore.dz\/ar\/wp-json\/wp\/v2\/types\/product"}],"replies":[{"embeddable":true,"href":"https:\/\/cheliastore.dz\/ar\/wp-json\/wp\/v2\/comments?post=10977"}],"version-history":[{"count":1,"href":"https:\/\/cheliastore.dz\/ar\/wp-json\/wp\/v2\/product\/10977\/revisions"}],"predecessor-version":[{"id":57600,"href":"https:\/\/cheliastore.dz\/ar\/wp-json\/wp\/v2\/product\/10977\/revisions\/57600"}],"wp:featuredmedia":[{"embeddable":true,"href":"https:\/\/cheliastore.dz\/ar\/wp-json\/wp\/v2\/media\/10978"}],"wp:attachment":[{"href":"https:\/\/cheliastore.dz\/ar\/wp-json\/wp\/v2\/media?parent=10977"}],"wp:term":[{"taxonomy":"product_brand","embeddable":true,"href":"https:\/\/cheliastore.dz\/ar\/wp-json\/wp\/v2\/product_brand?post=10977"},{"taxonomy":"product_cat","embeddable":true,"href":"https:\/\/cheliastore.dz\/ar\/wp-json\/wp\/v2\/product_cat?post=10977"},{"taxonomy":"product_tag","embeddable":true,"href":"https:\/\/cheliastore.dz\/ar\/wp-json\/wp\/v2\/product_tag?post=10977"}],"curies":[{"name":"wp","href":"https:\/\/api.w.org\/{rel}","templated":true}]}}